{"id":33,"date":"2015-03-20T21:01:08","date_gmt":"2015-03-20T20:01:08","guid":{"rendered":"http:\/\/optimal-data.de\/?page_id=33"},"modified":"2015-05-21T13:47:22","modified_gmt":"2015-05-21T11:47:22","slug":"ueber-uns","status":"publish","type":"page","link":"https:\/\/optimal-data.de\/?page_id=33","title":{"rendered":"\u00dcber uns"},"content":{"rendered":"<p style=\"text-align: justify;\">OPTIMAL-DATA ist ein Dienstleistungsunternehmen mit Fokus auf die Gesch\u00e4ftsfelder <span style=\"color: #000000;\"><strong>IT-Sicherheit und Datenschutz.<\/strong><\/span><br \/>\n<span style=\"color: #000000;\"><strong>Zertifizierte und berufserfahrene Profis<\/strong><\/span> erbringen produkt- und herstellerneutrale Beratung f\u00fcr Unternehmen der Privatwirtschaft, wie auch f\u00fcr \u00f6ffentliche Auftraggeber.<\/p>\n<p style=\"text-align: justify;\">\nAlle Mitarbeiter verf\u00fcgen \u00fcber <span style=\"color: #000000;\"><strong>langj\u00e4hrige Erfahrung <\/strong><\/span>aus den Bereichen IT-Infrastruktur, Managementsysteme, Prozessanalyse, Projektmanagement und nat\u00fcrlich Datenschutz und IT-Sicherheit.<br \/>\nDie notwendige Fachkenntnis wurde durch Zertifikate anerkannter Einrichtungen wie <span style=\"color: #000000;\"><strong>DESAG, udis und T\u00dcV<\/strong><\/span> nachgewiesen.<\/p>\n<p style=\"text-align: justify;\">Dar\u00fcber hinaus bieten wir auch <span style=\"color: #000000;\"><strong>Sachverst\u00e4ndigen-Gutachten <\/strong><\/span>an, entweder um nach von uns durchgef\u00fchrter <strong>Forensik-Analyse<\/strong> die gerichtswertbaren Informationen zu dokumentieren oder aber um M\u00e4ngel an IT-Systemen bzw. deren Restwert zu analysieren.<\/p>\n<p style=\"text-align: justify;\">\n","protected":false},"excerpt":{"rendered":"<p>OPTIMAL-DATA ist ein Dienstleistungsunternehmen mit Fokus auf die Gesch\u00e4ftsfelder IT-Sicherheit und Datenschutz. Zertifizierte und berufserfahrene Profis erbringen produkt- und herstellerneutrale Beratung f\u00fcr Unternehmen der Privatwirtschaft, wie auch f\u00fcr \u00f6ffentliche Auftraggeber. Alle Mitarbeiter verf\u00fcgen \u00fcber langj\u00e4hrige Erfahrung aus den Bereichen IT-Infrastruktur, Managementsysteme, Prozessanalyse, Projektmanagement und nat\u00fcrlich Datenschutz und IT-Sicherheit. Die notwendige Fachkenntnis wurde durch Zertifikate anerkannter [&hellip;]<\/p>\n","protected":false},"author":1,"featured_media":0,"parent":0,"menu_order":0,"comment_status":"open","ping_status":"open","template":"","meta":[],"_links":{"self":[{"href":"https:\/\/optimal-data.de\/index.php?rest_route=\/wp\/v2\/pages\/33"}],"collection":[{"href":"https:\/\/optimal-data.de\/index.php?rest_route=\/wp\/v2\/pages"}],"about":[{"href":"https:\/\/optimal-data.de\/index.php?rest_route=\/wp\/v2\/types\/page"}],"author":[{"embeddable":true,"href":"https:\/\/optimal-data.de\/index.php?rest_route=\/wp\/v2\/users\/1"}],"replies":[{"embeddable":true,"href":"https:\/\/optimal-data.de\/index.php?rest_route=%2Fwp%2Fv2%2Fcomments&post=33"}],"version-history":[{"count":7,"href":"https:\/\/optimal-data.de\/index.php?rest_route=\/wp\/v2\/pages\/33\/revisions"}],"predecessor-version":[{"id":120,"href":"https:\/\/optimal-data.de\/index.php?rest_route=\/wp\/v2\/pages\/33\/revisions\/120"}],"wp:attachment":[{"href":"https:\/\/optimal-data.de\/index.php?rest_route=%2Fwp%2Fv2%2Fmedia&parent=33"}],"curies":[{"name":"wp","href":"https:\/\/api.w.org\/{rel}","templated":true}]}}