{"id":27,"date":"2015-03-20T20:53:50","date_gmt":"2015-03-20T19:53:50","guid":{"rendered":"http:\/\/optimal-data.de\/?page_id=27"},"modified":"2015-05-19T21:06:53","modified_gmt":"2015-05-19T19:06:53","slug":"it-forensik","status":"publish","type":"page","link":"https:\/\/optimal-data.de\/?page_id=27","title":{"rendered":"IT-Forensik"},"content":{"rendered":"<p style=\"text-align: justify;\">In unserem Fokus steht die <strong>Beweismittelsicherung<\/strong>, die zur Untersuchung und Aufkl\u00e4rung von verd\u00e4chtigen Vorf\u00e4llen im Zusammenhang mit IT-Systemen dient.<\/p>\n<p style=\"text-align: justify;\">Dazu untersuchen wir Daten aus unterschiedlichsten IT-Systemen &#8211; von Server ,Storage, VM \u00fcber Clients bis zu mobilen Devices &#8211; auf <strong>verwertbare digitale Spuren.<\/strong><\/p>\n<p style=\"text-align: justify;\">Die aus Analyse und Auswertung gewonnene Erkenntnis ist die Grundlage zur Feststellung von Tatbest\u00e4nden und T\u00e4tern.<\/p>\n<p style=\"text-align: justify;\">Wir verwenden f\u00fcr die Analyse nur anerkannte, <strong>forensisch einwandfreie<\/strong> Hard- und Software. Dadurch und durch einwandfreie und l\u00fcckenlose Dokumentation der <strong>Beweismittelkette<\/strong> stellen wir die juristische Anerkennung und <strong>gerichtliche Verwertbarkeit<\/strong> der Ergebnisse sicher. Denn egal, ob es sich um schwerwiegende Delikte, Datendiebstahl oder illoyale Mitarbeiter handelt, die Sicherstellung von elektronischen Spuren ist die Grundlage f\u00fcr jedes weitere Vorgehen.<\/p>\n<p style=\"text-align: justify;\">Neben den <strong>Beweissicherungsverfahren<\/strong>, erstellen wir als <strong>IT-Sachverst\u00e4ndiger<\/strong> auch Gutachten im Bereich der <strong>Bewertung von Soft- und Hardware<\/strong>, wie auch <strong>Schadensgutachten<\/strong> die dazu dienen vorhandene Fehler und M\u00e4ngel in IT-Systemen oder Programmen festzustellen. Au\u00dferdem bieten wir im au\u00dfergerichtlichen Bereich die M\u00f6glichkeit von<strong> Schiedsgutachten, Mediationen und Schlichtungen<\/strong> an.<\/p>\n<h6 style=\"text-align: justify;\"><span style=\"color: #ffffff;\">\u00a0.<\/span><\/h6>\n<h6 style=\"text-align: justify;\"><span style=\"color: #ffffff;\">.<\/span><\/h6>\n<h6 style=\"text-align: justify;\"><\/h6>\n<ul>\n<li>\n<h6><span style=\"color: #c80208;\">Zertifiziert als <strong>IT-Forensiker<\/strong> durch die deutsche Sachverst\u00e4ndigen Gesellschaft DESAG <\/span><\/h6>\n<\/li>\n<li>\n<h6><span style=\"color: #808080;\"><span style=\"color: #c80208;\">Zertifiziert als <strong>EDV-Sachverst\u00e4ndiger<\/strong> durch die deutsche Sachverst\u00e4ndigen Gesellschaft DESAG<\/span> <\/span><\/h6>\n<\/li>\n<\/ul>\n","protected":false},"excerpt":{"rendered":"<p>In unserem Fokus steht die Beweismittelsicherung, die zur Untersuchung und Aufkl\u00e4rung von verd\u00e4chtigen Vorf\u00e4llen im Zusammenhang mit IT-Systemen dient. Dazu untersuchen wir Daten aus unterschiedlichsten IT-Systemen &#8211; von Server ,Storage, VM \u00fcber Clients bis zu mobilen Devices &#8211; auf verwertbare digitale Spuren. Die aus Analyse und Auswertung gewonnene Erkenntnis ist die Grundlage zur Feststellung von [&hellip;]<\/p>\n","protected":false},"author":1,"featured_media":72,"parent":2,"menu_order":0,"comment_status":"open","ping_status":"open","template":"","meta":[],"_links":{"self":[{"href":"https:\/\/optimal-data.de\/index.php?rest_route=\/wp\/v2\/pages\/27"}],"collection":[{"href":"https:\/\/optimal-data.de\/index.php?rest_route=\/wp\/v2\/pages"}],"about":[{"href":"https:\/\/optimal-data.de\/index.php?rest_route=\/wp\/v2\/types\/page"}],"author":[{"embeddable":true,"href":"https:\/\/optimal-data.de\/index.php?rest_route=\/wp\/v2\/users\/1"}],"replies":[{"embeddable":true,"href":"https:\/\/optimal-data.de\/index.php?rest_route=%2Fwp%2Fv2%2Fcomments&post=27"}],"version-history":[{"count":3,"href":"https:\/\/optimal-data.de\/index.php?rest_route=\/wp\/v2\/pages\/27\/revisions"}],"predecessor-version":[{"id":107,"href":"https:\/\/optimal-data.de\/index.php?rest_route=\/wp\/v2\/pages\/27\/revisions\/107"}],"up":[{"embeddable":true,"href":"https:\/\/optimal-data.de\/index.php?rest_route=\/wp\/v2\/pages\/2"}],"wp:featuredmedia":[{"embeddable":true,"href":"https:\/\/optimal-data.de\/index.php?rest_route=\/wp\/v2\/media\/72"}],"wp:attachment":[{"href":"https:\/\/optimal-data.de\/index.php?rest_route=%2Fwp%2Fv2%2Fmedia&parent=27"}],"curies":[{"name":"wp","href":"https:\/\/api.w.org\/{rel}","templated":true}]}}