{"id":25,"date":"2015-03-20T20:53:35","date_gmt":"2015-03-20T19:53:35","guid":{"rendered":"http:\/\/optimal-data.de\/?page_id=25"},"modified":"2015-05-19T21:08:58","modified_gmt":"2015-05-19T19:08:58","slug":"datenschutz","status":"publish","type":"page","link":"https:\/\/optimal-data.de\/?page_id=25","title":{"rendered":"Datenschutz"},"content":{"rendered":"<p style=\"text-align: justify;\">Wenn nicht schon gekl\u00e4rt, stellen wir zun\u00e4chst fest welche <strong>datenschutzrechtlichen Anforderungen<\/strong> f\u00fcr ihr Unternehmen zutreffen, denn m\u00f6glicherweise gelten neben dem Bundesdatenschutzgesetz weitere branchenspezifische Vorschriften.<br \/>\nDurch strukturierte Erfassungsmethoden nehmen wir dann die datenschutzrelevanten Fakten und Prozesse in Ihrem Unternehmen auf, bewerten diese neutral und stellen das <strong>aktuelle Datenschutzniveau<\/strong> dar.<\/p>\n<p style=\"text-align: justify;\">Das Ergebnis daraus definiert den <strong>Handlungsbedarf<\/strong> um den gesetzlichen Anforderungen an den Datenschutz zu entsprechen. In Folge erstellen wir ein angemessenes <strong>Datenschutz-Konzept<\/strong>, das individuell auf Ihr Unternehmen zugeschnitten ist. Dies beinhaltet i.d.R. die Erstellung von <strong>Richtlinien und Policies<\/strong> zu Datenschutz und IT-Sicherheit, die Ausarbeitung eines <strong>Sicherheitskonzepts<\/strong>, das die Vertraulichkeit und Integrit\u00e4t Ihrer Daten gew\u00e4hrleistet, die Erstellung des gesetzlich vorgeschriebenen <strong>Verfahrensverzeichnisses<\/strong>, die datenschutzkonforme Ausgestaltung Ihres <strong>Internet-Auftritts<\/strong> und auch die die <strong>Sensibilisierung und Schulung<\/strong> Ihrer Mitarbeiter.<\/p>\n<p style=\"text-align: justify;\">Dabei k\u00f6nnen wir auf Wunsch den <strong>betrieblichen Datenschutzbeauftragten<\/strong> unterst\u00fctzen bzw. bei Ausf\u00e4llen vertreten oder aber diese Rolle komplett als <strong>externer Datenschutzbeauftragter<\/strong> \u00fcbernehmen.<\/p>\n<p style=\"text-align: justify;\">Wenn Sie bereits mit einem Datenschutz-Konzept arbeiten und dessen Wirksamkeit pr\u00fcfen lassen m\u00f6chten, bieten wir ihnen im Rahmen eines <strong>Datenschutz-Audits<\/strong> gerne die M\u00f6glichkeit sich zu vergewissern, ob die getroffenen Ma\u00dfnahmen den rechtlichen Anforderungen gerecht werden.<\/p>\n<h6 style=\"text-align: justify;\"><span style=\"color: #ffffff;\">.<\/span><\/h6>\n<h6 style=\"text-align: justify;\"><span style=\"color: #ffffff;\">.<\/span><\/h6>\n<ul>\n<li style=\"text-align: justify;\">\n<h6><span style=\"color: #c91d02;\">Zertifiziert als <strong>Datenschutzbeauftragter<\/strong> nach dem Ulmer Modell bei der udis-Akademie <\/span><\/h6>\n<\/li>\n<li style=\"text-align: justify;\">\n<h6><span style=\"color: #c91d02;\">Zertifiziert als <strong>Datenschutzaudito<\/strong>r durch den T\u00dcV Rheinland<\/span><\/h6>\n<\/li>\n<\/ul>\n","protected":false},"excerpt":{"rendered":"<p>Wenn nicht schon gekl\u00e4rt, stellen wir zun\u00e4chst fest welche datenschutzrechtlichen Anforderungen f\u00fcr ihr Unternehmen zutreffen, denn m\u00f6glicherweise gelten neben dem Bundesdatenschutzgesetz weitere branchenspezifische Vorschriften. Durch strukturierte Erfassungsmethoden nehmen wir dann die datenschutzrelevanten Fakten und Prozesse in Ihrem Unternehmen auf, bewerten diese neutral und stellen das aktuelle Datenschutzniveau dar. Das Ergebnis daraus definiert den Handlungsbedarf um [&hellip;]<\/p>\n","protected":false},"author":1,"featured_media":70,"parent":2,"menu_order":0,"comment_status":"open","ping_status":"open","template":"","meta":[],"_links":{"self":[{"href":"https:\/\/optimal-data.de\/index.php?rest_route=\/wp\/v2\/pages\/25"}],"collection":[{"href":"https:\/\/optimal-data.de\/index.php?rest_route=\/wp\/v2\/pages"}],"about":[{"href":"https:\/\/optimal-data.de\/index.php?rest_route=\/wp\/v2\/types\/page"}],"author":[{"embeddable":true,"href":"https:\/\/optimal-data.de\/index.php?rest_route=\/wp\/v2\/users\/1"}],"replies":[{"embeddable":true,"href":"https:\/\/optimal-data.de\/index.php?rest_route=%2Fwp%2Fv2%2Fcomments&post=25"}],"version-history":[{"count":6,"href":"https:\/\/optimal-data.de\/index.php?rest_route=\/wp\/v2\/pages\/25\/revisions"}],"predecessor-version":[{"id":108,"href":"https:\/\/optimal-data.de\/index.php?rest_route=\/wp\/v2\/pages\/25\/revisions\/108"}],"up":[{"embeddable":true,"href":"https:\/\/optimal-data.de\/index.php?rest_route=\/wp\/v2\/pages\/2"}],"wp:featuredmedia":[{"embeddable":true,"href":"https:\/\/optimal-data.de\/index.php?rest_route=\/wp\/v2\/media\/70"}],"wp:attachment":[{"href":"https:\/\/optimal-data.de\/index.php?rest_route=%2Fwp%2Fv2%2Fmedia&parent=25"}],"curies":[{"name":"wp","href":"https:\/\/api.w.org\/{rel}","templated":true}]}}