{"id":12,"date":"2015-03-20T20:50:10","date_gmt":"2015-03-20T19:50:10","guid":{"rendered":"http:\/\/optimal-data.de\/?page_id=12"},"modified":"2015-05-19T21:21:16","modified_gmt":"2015-05-19T19:21:16","slug":"referenzen","status":"publish","type":"page","link":"https:\/\/optimal-data.de\/?page_id=12","title":{"rendered":"Referenzen"},"content":{"rendered":"<p style=\"text-align: justify;\">Wir beraten und erbringen Dienstleistungen im <strong>sensiblen Bereich<\/strong> der Sicherheit und des Datenschutzes.<\/p>\n<p style=\"text-align: justify;\">Aus diesem Grund verwenden wir keinerlei Informationen aus Projekten, Beschreibung von Referenzen sowie Expertisen und Gutachten f\u00fcr eine Au\u00dfendarstellung.<\/p>\n<p style=\"text-align: justify;\">Wir hoffen auf ihr Verst\u00e4ndnis, dass wir aus Gr\u00fcnden der <strong>Geheimhaltung<\/strong> und des <strong>Datenschutzes<\/strong> sowie zum Schutz unserer Kunden so verfahren.<\/p>\n<p style=\"text-align: justify;\">Gerne k\u00f6nnen Sie sich jedoch in einem <strong>pers\u00f6nlichem Gespr\u00e4ch<\/strong> einen Eindruck \u00fcber unsere Fachkompetenz verschaffen.<\/p>\n","protected":false},"excerpt":{"rendered":"<p>Wir beraten und erbringen Dienstleistungen im sensiblen Bereich der Sicherheit und des Datenschutzes. Aus diesem Grund verwenden wir keinerlei Informationen aus Projekten, Beschreibung von Referenzen sowie Expertisen und Gutachten f\u00fcr eine Au\u00dfendarstellung. Wir hoffen auf ihr Verst\u00e4ndnis, dass wir aus Gr\u00fcnden der Geheimhaltung und des Datenschutzes sowie zum Schutz unserer Kunden so verfahren. Gerne k\u00f6nnen [&hellip;]<\/p>\n","protected":false},"author":1,"featured_media":0,"parent":0,"menu_order":0,"comment_status":"open","ping_status":"open","template":"","meta":[],"_links":{"self":[{"href":"https:\/\/optimal-data.de\/index.php?rest_route=\/wp\/v2\/pages\/12"}],"collection":[{"href":"https:\/\/optimal-data.de\/index.php?rest_route=\/wp\/v2\/pages"}],"about":[{"href":"https:\/\/optimal-data.de\/index.php?rest_route=\/wp\/v2\/types\/page"}],"author":[{"embeddable":true,"href":"https:\/\/optimal-data.de\/index.php?rest_route=\/wp\/v2\/users\/1"}],"replies":[{"embeddable":true,"href":"https:\/\/optimal-data.de\/index.php?rest_route=%2Fwp%2Fv2%2Fcomments&post=12"}],"version-history":[{"count":4,"href":"https:\/\/optimal-data.de\/index.php?rest_route=\/wp\/v2\/pages\/12\/revisions"}],"predecessor-version":[{"id":111,"href":"https:\/\/optimal-data.de\/index.php?rest_route=\/wp\/v2\/pages\/12\/revisions\/111"}],"wp:attachment":[{"href":"https:\/\/optimal-data.de\/index.php?rest_route=%2Fwp%2Fv2%2Fmedia&parent=12"}],"curies":[{"name":"wp","href":"https:\/\/api.w.org\/{rel}","templated":true}]}}